{"id":82047,"date":"2025-04-02T16:08:01","date_gmt":"2025-04-02T14:08:01","guid":{"rendered":"https:\/\/kamilspolnicki.pl\/?page_id=82047"},"modified":"2025-06-11T23:56:50","modified_gmt":"2025-06-11T21:56:50","slug":"reportaz-slubny","status":"publish","type":"page","link":"https:\/\/kamilspolnicki.pl\/en\/reportaz-slubny\/","title":{"rendered":"Portfolio"},"content":{"rendered":"<div data-elementor-type=\"wp-page\" data-elementor-id=\"82047\" class=\"elementor elementor-82047\">\n\t\t\t\t<div class=\"elementor-element elementor-element-2c1fa70 e-flex e-con-boxed e-con e-parent\" data-id=\"2c1fa70\" data-element_type=\"container\">\n\t\t\t\t\t<div class=\"e-con-inner\">\n\t\t\t\t<div class=\"elementor-element elementor-element-f98cb9f elementor-widget elementor-widget-everfondly_core_section_title\" data-id=\"f98cb9f\" data-element_type=\"widget\" data-widget_type=\"everfondly_core_section_title.default\">\n\t\t\t\t<div class=\"elementor-widget-container\">\n\t\t\t\t\t<div class=\"qodef-shortcode qodef-m  qodef-section-title qodef-alignment--left\">\n\t\t<h1 class=\"qodef-m-title\"  >\n\t\t\t\t\tWEDDING STORIES\t\t\n\t\t\n\t<\/h1>\n\t\t<p class=\"qodef-m-description\" >\n\t\t\n\n\nOur wedding reports are more than just photos \u2013 they\u2019re a way of seeing.\nWe photograph weddings in Lublin, Warsaw, Lake Como, Dolina Cedronu, and historic palaces where light and gestures matter.\n\nWhat\u2019s most important isn\u2019t the place \u2013 it\u2019s what happens between you.\nYou\u2019re looking for a photographer who feels the moment, works closely yet with sensitivity.\nSomeone who will tell your story the way this day really felt \u2013 no posing, no pressure, just presence.\nIf so \u2013 you\u2019re in the right place.\t<\/p>\n\t<\/div>\n\t\t\t\t<\/div>\n\t\t\t\t<\/div>\n\t\t\t\t\t<\/div>\n\t\t\t\t<\/div>\n\t\t<div class=\"elementor-element elementor-element-c2bf15f e-flex e-con-boxed e-con e-parent\" data-id=\"c2bf15f\" data-element_type=\"container\">\n\t\t\t\t\t<div class=\"e-con-inner\">\n\t\t<div class=\"elementor-element elementor-element-c25e29d e-con-full e-flex e-con e-child\" data-id=\"c25e29d\" data-element_type=\"container\">\n\t\t\t\t<div class=\"elementor-element elementor-element-076dd6b elementor-widget elementor-widget-everfondly_core_portfolio_list\" data-id=\"076dd6b\" data-element_type=\"widget\" data-widget_type=\"everfondly_core_portfolio_list.default\">\n\t\t\t\t<div class=\"elementor-widget-container\">\n\t\t\t\t\t<div class=\"qodef-shortcode qodef-m  qodef-portfolio-list qodef-item-layout--info-below-visible  qodef--has-articles-appear-animation qodef-grid qodef-layout--columns  qodef-gutter--normal qodef-col-num--3 qodef-item-layout--info-below-visible qodef-pagination--on qodef-pagination-type--standard qodef-responsive--predefined\" data-options=\"{&quot;plugin&quot;:&quot;everfondly_core&quot;,&quot;module&quot;:&quot;post-types\\\/portfolio\\\/shortcodes&quot;,&quot;shortcode&quot;:&quot;portfolio-list&quot;,&quot;post_type&quot;:&quot;portfolio-item&quot;,&quot;next_page&quot;:&quot;2&quot;,&quot;max_pages_num&quot;:2,&quot;behavior&quot;:&quot;columns&quot;,&quot;images_proportion&quot;:&quot;full&quot;,&quot;columns&quot;:&quot;3&quot;,&quot;columns_responsive&quot;:&quot;predefined&quot;,&quot;space&quot;:&quot;normal&quot;,&quot;posts_per_page&quot;:&quot;9&quot;,&quot;orderby&quot;:&quot;date&quot;,&quot;order&quot;:&quot;DESC&quot;,&quot;layout&quot;:&quot;info-below-visible&quot;,&quot;hover_animation_info-below&quot;:&quot;overlay&quot;,&quot;hover_animation_info-follow&quot;:&quot;follow&quot;,&quot;hover_animation_info-on-hover&quot;:&quot;fade-in&quot;,&quot;title_tag&quot;:&quot;h3&quot;,&quot;enable_article_animation&quot;:&quot;yes&quot;,&quot;custom_margin&quot;:&quot;no&quot;,&quot;pagination_type&quot;:&quot;standard&quot;,&quot;object_class_name&quot;:&quot;EverFondlyCore_Portfolio_List_Shortcode&quot;,&quot;taxonomy_filter&quot;:&quot;portfolio-category&quot;,&quot;space_value&quot;:15}\">\n\t\t<div class=\"qodef-grid-inner clear\">\n\t\t<article class=\"qodef-e qodef-grid-item qodef-item--full post-84741 portfolio-item type-portfolio-item status-publish has-post-thumbnail hentry\">\n\t<div class=\"qodef-e-inner\">\n\t\t<div class=\"qodef-e-image\" >\n\t\t\t\t<div class=\"qodef-e-media-image\">\n\t\t<a itemprop=\"url\" href=\"https:\/\/kamilspolnicki.pl\/en\/portfolio\/zamek-moszna\/\" target=\"_self\">\n\t\t\t<img fetchpriority=\"high\" decoding=\"async\" width=\"1707\" height=\"2560\" src=\"https:\/\/kamilspolnicki.pl\/wp-content\/uploads\/2025\/07\/modern-old-money-ponadczasowy-plener-slubny-zamek-moszna-fotografia-slubna-170.jpg\" class=\"attachment-full size-full wp-post-image\" alt=\"\" srcset=\"https:\/\/kamilspolnicki.pl\/wp-content\/uploads\/2025\/07\/modern-old-money-ponadczasowy-plener-slubny-zamek-moszna-fotografia-slubna-170.jpg 1707w, https:\/\/kamilspolnicki.pl\/wp-content\/uploads\/2025\/07\/modern-old-money-ponadczasowy-plener-slubny-zamek-moszna-fotografia-slubna-170-200x300.jpg 200w, https:\/\/kamilspolnicki.pl\/wp-content\/uploads\/2025\/07\/modern-old-money-ponadczasowy-plener-slubny-zamek-moszna-fotografia-slubna-170-683x1024.jpg 683w, https:\/\/kamilspolnicki.pl\/wp-content\/uploads\/2025\/07\/modern-old-money-ponadczasowy-plener-slubny-zamek-moszna-fotografia-slubna-170-768x1152.jpg 768w, https:\/\/kamilspolnicki.pl\/wp-content\/uploads\/2025\/07\/modern-old-money-ponadczasowy-plener-slubny-zamek-moszna-fotografia-slubna-170-1024x1536.jpg 1024w, https:\/\/kamilspolnicki.pl\/wp-content\/uploads\/2025\/07\/modern-old-money-ponadczasowy-plener-slubny-zamek-moszna-fotografia-slubna-170-1366x2048.jpg 1366w, https:\/\/kamilspolnicki.pl\/wp-content\/uploads\/2025\/07\/modern-old-money-ponadczasowy-plener-slubny-zamek-moszna-fotografia-slubna-170-8x12.jpg 8w\" sizes=\"(max-width: 1707px) 100vw, 1707px\" \/>\t\t<\/a>\n\t<\/div>\n\t\t<\/div>\n\t\t<div class=\"qodef-e-content\" >\n\t\t\t<div class=\"qodef-e-text\">\n\t\t\t\t<h3 itemprop=\"name\" class=\"qodef-e-title entry-title\" >\n\t<a itemprop=\"url\" class=\"qodef-e-title-link\" href=\"https:\/\/kamilspolnicki.pl\/en\/portfolio\/zamek-moszna\/\" target=\"_self\">\n\t\tZamek Moszna\t<\/a>\n<\/h3>\n\t\t\t<\/div>\n\t\t\t<div class=\"qodef-e-top-holder\">\n\t\t\t\t<div class=\"qodef-e-info\">\n\t\t\t\t\t\t\t\t\t<\/div>\n\t\t\t<\/div>\n\t\t<\/div>\n\t<\/div>\n<\/article>\n<article class=\"qodef-e qodef-grid-item qodef-item--full post-84587 portfolio-item type-portfolio-item status-publish has-post-thumbnail hentry\">\n\t<div class=\"qodef-e-inner\">\n\t\t<div class=\"qodef-e-image\" >\n\t\t\t\t<div class=\"qodef-e-media-image\">\n\t\t<a itemprop=\"url\" href=\"https:\/\/kamilspolnicki.pl\/en\/portfolio\/zygmuntowka-graala-dabrowizna\/\" target=\"_self\">\n\t\t\t<img decoding=\"async\" width=\"1365\" height=\"2048\" src=\"https:\/\/kamilspolnicki.pl\/wp-content\/uploads\/2025\/06\/zygmuntowka-100.jpg\" class=\"attachment-full size-full wp-post-image\" alt=\"\" srcset=\"https:\/\/kamilspolnicki.pl\/wp-content\/uploads\/2025\/06\/zygmuntowka-100.jpg 1365w, https:\/\/kamilspolnicki.pl\/wp-content\/uploads\/2025\/06\/zygmuntowka-100-200x300.jpg 200w, https:\/\/kamilspolnicki.pl\/wp-content\/uploads\/2025\/06\/zygmuntowka-100-683x1024.jpg 683w, https:\/\/kamilspolnicki.pl\/wp-content\/uploads\/2025\/06\/zygmuntowka-100-768x1152.jpg 768w, https:\/\/kamilspolnicki.pl\/wp-content\/uploads\/2025\/06\/zygmuntowka-100-1024x1536.jpg 1024w, https:\/\/kamilspolnicki.pl\/wp-content\/uploads\/2025\/06\/zygmuntowka-100-8x12.jpg 8w\" sizes=\"(max-width: 1365px) 100vw, 1365px\" \/>\t\t<\/a>\n\t<\/div>\n\t\t<\/div>\n\t\t<div class=\"qodef-e-content\" >\n\t\t\t<div class=\"qodef-e-text\">\n\t\t\t\t<h3 itemprop=\"name\" class=\"qodef-e-title entry-title\" >\n\t<a itemprop=\"url\" class=\"qodef-e-title-link\" href=\"https:\/\/kamilspolnicki.pl\/en\/portfolio\/zygmuntowka-graala-dabrowizna\/\" target=\"_self\">\n\t\tZygmunt\u00f3wka Graala D\u0105browizna\t<\/a>\n<\/h3>\n\t\t\t<\/div>\n\t\t\t<div class=\"qodef-e-top-holder\">\n\t\t\t\t<div class=\"qodef-e-info\">\n\t\t\t\t\t\t\t\t\t<\/div>\n\t\t\t<\/div>\n\t\t<\/div>\n\t<\/div>\n<\/article>\n<article class=\"qodef-e qodef-grid-item qodef-item--full post-84425 portfolio-item type-portfolio-item status-publish has-post-thumbnail hentry\">\n\t<div class=\"qodef-e-inner\">\n\t\t<div class=\"qodef-e-image\" >\n\t\t\t\t<div class=\"qodef-e-media-image\">\n\t\t<a itemprop=\"url\" href=\"https:\/\/kamilspolnicki.pl\/en\/portfolio\/wierzchowiska-golf-country-club-2\/\" target=\"_self\">\n\t\t\t<img decoding=\"async\" width=\"1365\" height=\"2048\" src=\"https:\/\/kamilspolnicki.pl\/wp-content\/uploads\/2025\/06\/wierzchowiska-sklejka-2-101.jpg\" class=\"attachment-full size-full wp-post-image\" alt=\"\" srcset=\"https:\/\/kamilspolnicki.pl\/wp-content\/uploads\/2025\/06\/wierzchowiska-sklejka-2-101.jpg 1365w, https:\/\/kamilspolnicki.pl\/wp-content\/uploads\/2025\/06\/wierzchowiska-sklejka-2-101-200x300.jpg 200w, https:\/\/kamilspolnicki.pl\/wp-content\/uploads\/2025\/06\/wierzchowiska-sklejka-2-101-683x1024.jpg 683w, https:\/\/kamilspolnicki.pl\/wp-content\/uploads\/2025\/06\/wierzchowiska-sklejka-2-101-768x1152.jpg 768w, https:\/\/kamilspolnicki.pl\/wp-content\/uploads\/2025\/06\/wierzchowiska-sklejka-2-101-1024x1536.jpg 1024w, https:\/\/kamilspolnicki.pl\/wp-content\/uploads\/2025\/06\/wierzchowiska-sklejka-2-101-8x12.jpg 8w\" sizes=\"(max-width: 1365px) 100vw, 1365px\" \/>\t\t<\/a>\n\t<\/div>\n\t\t<\/div>\n\t\t<div class=\"qodef-e-content\" >\n\t\t\t<div class=\"qodef-e-text\">\n\t\t\t\t<h3 itemprop=\"name\" class=\"qodef-e-title entry-title\" >\n\t<a itemprop=\"url\" class=\"qodef-e-title-link\" href=\"https:\/\/kamilspolnicki.pl\/en\/portfolio\/wierzchowiska-golf-country-club-2\/\" target=\"_self\">\n\t\tWierzchowiska Golf &#038; Country Club\t<\/a>\n<\/h3>\n\t\t\t<\/div>\n\t\t\t<div class=\"qodef-e-top-holder\">\n\t\t\t\t<div class=\"qodef-e-info\">\n\t\t\t\t\t\t\t\t\t<\/div>\n\t\t\t<\/div>\n\t\t<\/div>\n\t<\/div>\n<\/article>\n<article class=\"qodef-e qodef-grid-item qodef-item--full post-84420 portfolio-item type-portfolio-item status-publish has-post-thumbnail hentry\">\n\t<div class=\"qodef-e-inner\">\n\t\t<div class=\"qodef-e-image\" >\n\t\t\t\t<div class=\"qodef-e-media-image\">\n\t\t<a itemprop=\"url\" href=\"https:\/\/kamilspolnicki.pl\/en\/portfolio\/wierzchowiska-golf-country-club\/\" target=\"_self\">\n\t\t\t<img loading=\"lazy\" decoding=\"async\" width=\"1365\" height=\"2048\" src=\"https:\/\/kamilspolnicki.pl\/wp-content\/uploads\/2025\/06\/wierzchowiska-sklejka-201.jpg\" class=\"attachment-full size-full wp-post-image\" alt=\"\" srcset=\"https:\/\/kamilspolnicki.pl\/wp-content\/uploads\/2025\/06\/wierzchowiska-sklejka-201.jpg 1365w, https:\/\/kamilspolnicki.pl\/wp-content\/uploads\/2025\/06\/wierzchowiska-sklejka-201-200x300.jpg 200w, https:\/\/kamilspolnicki.pl\/wp-content\/uploads\/2025\/06\/wierzchowiska-sklejka-201-683x1024.jpg 683w, https:\/\/kamilspolnicki.pl\/wp-content\/uploads\/2025\/06\/wierzchowiska-sklejka-201-768x1152.jpg 768w, https:\/\/kamilspolnicki.pl\/wp-content\/uploads\/2025\/06\/wierzchowiska-sklejka-201-1024x1536.jpg 1024w, https:\/\/kamilspolnicki.pl\/wp-content\/uploads\/2025\/06\/wierzchowiska-sklejka-201-8x12.jpg 8w\" sizes=\"(max-width: 1365px) 100vw, 1365px\" \/>\t\t<\/a>\n\t<\/div>\n\t\t<\/div>\n\t\t<div class=\"qodef-e-content\" >\n\t\t\t<div class=\"qodef-e-text\">\n\t\t\t\t<h3 itemprop=\"name\" class=\"qodef-e-title entry-title\" >\n\t<a itemprop=\"url\" class=\"qodef-e-title-link\" href=\"https:\/\/kamilspolnicki.pl\/en\/portfolio\/wierzchowiska-golf-country-club\/\" target=\"_self\">\n\t\tWierzchowiska Golf &#038; Country Club\t<\/a>\n<\/h3>\n\t\t\t<\/div>\n\t\t\t<div class=\"qodef-e-top-holder\">\n\t\t\t\t<div class=\"qodef-e-info\">\n\t\t\t\t\t\t\t\t\t<\/div>\n\t\t\t<\/div>\n\t\t<\/div>\n\t<\/div>\n<\/article>\n<article class=\"qodef-e qodef-grid-item qodef-item--full post-84368 portfolio-item type-portfolio-item status-publish has-post-thumbnail hentry\">\n\t<div class=\"qodef-e-inner\">\n\t\t<div class=\"qodef-e-image\" >\n\t\t\t\t<div class=\"qodef-e-media-image\">\n\t\t<a itemprop=\"url\" href=\"https:\/\/kamilspolnicki.pl\/en\/portfolio\/reportaz-slubny-dwor-roginski\/\" target=\"_self\">\n\t\t\t<img loading=\"lazy\" decoding=\"async\" width=\"1365\" height=\"2048\" src=\"https:\/\/kamilspolnicki.pl\/wp-content\/uploads\/2025\/06\/insta-2-1.jpg\" class=\"attachment-full size-full wp-post-image\" alt=\"\" srcset=\"https:\/\/kamilspolnicki.pl\/wp-content\/uploads\/2025\/06\/insta-2-1.jpg 1365w, https:\/\/kamilspolnicki.pl\/wp-content\/uploads\/2025\/06\/insta-2-1-200x300.jpg 200w, https:\/\/kamilspolnicki.pl\/wp-content\/uploads\/2025\/06\/insta-2-1-683x1024.jpg 683w, https:\/\/kamilspolnicki.pl\/wp-content\/uploads\/2025\/06\/insta-2-1-768x1152.jpg 768w, https:\/\/kamilspolnicki.pl\/wp-content\/uploads\/2025\/06\/insta-2-1-1024x1536.jpg 1024w, https:\/\/kamilspolnicki.pl\/wp-content\/uploads\/2025\/06\/insta-2-1-8x12.jpg 8w\" sizes=\"(max-width: 1365px) 100vw, 1365px\" \/>\t\t<\/a>\n\t<\/div>\n\t\t<\/div>\n\t\t<div class=\"qodef-e-content\" >\n\t\t\t<div class=\"qodef-e-text\">\n\t\t\t\t<h3 itemprop=\"name\" class=\"qodef-e-title entry-title\" >\n\t<a itemprop=\"url\" class=\"qodef-e-title-link\" href=\"https:\/\/kamilspolnicki.pl\/en\/portfolio\/reportaz-slubny-dwor-roginski\/\" target=\"_self\">\n\t\tDw\u00f3r Rogi\u0144ski\t<\/a>\n<\/h3>\n\t\t\t<\/div>\n\t\t\t<div class=\"qodef-e-top-holder\">\n\t\t\t\t<div class=\"qodef-e-info\">\n\t\t\t\t\t\t\t\t\t<\/div>\n\t\t\t<\/div>\n\t\t<\/div>\n\t<\/div>\n<\/article>\n<article class=\"qodef-e qodef-grid-item qodef-item--full post-84212 portfolio-item type-portfolio-item status-publish has-post-thumbnail hentry\">\n\t<div class=\"qodef-e-inner\">\n\t\t<div class=\"qodef-e-image\" >\n\t\t\t\t<div class=\"qodef-e-media-image\">\n\t\t<a itemprop=\"url\" href=\"https:\/\/kamilspolnicki.pl\/en\/portfolio\/pastelove-pola\/\" target=\"_self\">\n\t\t\t<img loading=\"lazy\" decoding=\"async\" width=\"1365\" height=\"2048\" src=\"https:\/\/kamilspolnicki.pl\/wp-content\/uploads\/2025\/06\/insta-1.jpg\" class=\"attachment-full size-full wp-post-image\" alt=\"\" srcset=\"https:\/\/kamilspolnicki.pl\/wp-content\/uploads\/2025\/06\/insta-1.jpg 1365w, https:\/\/kamilspolnicki.pl\/wp-content\/uploads\/2025\/06\/insta-1-200x300.jpg 200w, https:\/\/kamilspolnicki.pl\/wp-content\/uploads\/2025\/06\/insta-1-683x1024.jpg 683w, https:\/\/kamilspolnicki.pl\/wp-content\/uploads\/2025\/06\/insta-1-768x1152.jpg 768w, https:\/\/kamilspolnicki.pl\/wp-content\/uploads\/2025\/06\/insta-1-1024x1536.jpg 1024w, https:\/\/kamilspolnicki.pl\/wp-content\/uploads\/2025\/06\/insta-1-8x12.jpg 8w\" sizes=\"(max-width: 1365px) 100vw, 1365px\" \/>\t\t<\/a>\n\t<\/div>\n\t\t<\/div>\n\t\t<div class=\"qodef-e-content\" >\n\t\t\t<div class=\"qodef-e-text\">\n\t\t\t\t<h3 itemprop=\"name\" class=\"qodef-e-title entry-title\" >\n\t<a itemprop=\"url\" class=\"qodef-e-title-link\" href=\"https:\/\/kamilspolnicki.pl\/en\/portfolio\/pastelove-pola\/\" target=\"_self\">\n\t\tPastelove Pola\t<\/a>\n<\/h3>\n\t\t\t<\/div>\n\t\t\t<div class=\"qodef-e-top-holder\">\n\t\t\t\t<div class=\"qodef-e-info\">\n\t\t\t\t\t\t\t\t\t<\/div>\n\t\t\t<\/div>\n\t\t<\/div>\n\t<\/div>\n<\/article>\n<article class=\"qodef-e qodef-grid-item qodef-item--full post-83600 portfolio-item type-portfolio-item status-publish has-post-thumbnail hentry\">\n\t<div class=\"qodef-e-inner\">\n\t\t<div class=\"qodef-e-image\" >\n\t\t\t\t<div class=\"qodef-e-media-image\">\n\t\t<a itemprop=\"url\" href=\"https:\/\/kamilspolnicki.pl\/en\/portfolio\/sesja-poslubna-w-palacu-popielow\/\" target=\"_self\">\n\t\t\t<img loading=\"lazy\" decoding=\"async\" width=\"1707\" height=\"2560\" src=\"https:\/\/kamilspolnicki.pl\/wp-content\/uploads\/2025\/05\/090-scaled.webp\" class=\"attachment-full size-full wp-post-image\" alt=\"fotografia \u015blubna Pa\u0142ac Popiel\u00f3w \u2013 wej\u015bcie do pa\u0142acu\" srcset=\"https:\/\/kamilspolnicki.pl\/wp-content\/uploads\/2025\/05\/090-scaled.webp 1707w, https:\/\/kamilspolnicki.pl\/wp-content\/uploads\/2025\/05\/090-200x300.webp 200w, https:\/\/kamilspolnicki.pl\/wp-content\/uploads\/2025\/05\/090-683x1024.webp 683w, https:\/\/kamilspolnicki.pl\/wp-content\/uploads\/2025\/05\/090-768x1152.webp 768w, https:\/\/kamilspolnicki.pl\/wp-content\/uploads\/2025\/05\/090-1024x1536.webp 1024w, https:\/\/kamilspolnicki.pl\/wp-content\/uploads\/2025\/05\/090-1365x2048.webp 1365w\" sizes=\"(max-width: 1707px) 100vw, 1707px\" \/>\t\t<\/a>\n\t<\/div>\n\t\t<\/div>\n\t\t<div class=\"qodef-e-content\" >\n\t\t\t<div class=\"qodef-e-text\">\n\t\t\t\t<h3 itemprop=\"name\" class=\"qodef-e-title entry-title\" >\n\t<a itemprop=\"url\" class=\"qodef-e-title-link\" href=\"https:\/\/kamilspolnicki.pl\/en\/portfolio\/sesja-poslubna-w-palacu-popielow\/\" target=\"_self\">\n\t\tPOPIEL\u00d3W PALACE\t<\/a>\n<\/h3>\n\t\t\t<\/div>\n\t\t\t<div class=\"qodef-e-top-holder\">\n\t\t\t\t<div class=\"qodef-e-info\">\n\t\t\t\t\t\t\t\t\t<\/div>\n\t\t\t<\/div>\n\t\t<\/div>\n\t<\/div>\n<\/article>\n<article class=\"qodef-e qodef-grid-item qodef-item--full post-82726 portfolio-item type-portfolio-item status-publish has-post-thumbnail hentry\">\n\t<div class=\"qodef-e-inner\">\n\t\t<div class=\"qodef-e-image\" >\n\t\t\t\t<div class=\"qodef-e-media-image\">\n\t\t<a itemprop=\"url\" href=\"https:\/\/kamilspolnicki.pl\/en\/portfolio\/slub-palac-czosnowskich\/\" target=\"_self\">\n\t\t\t<img loading=\"lazy\" decoding=\"async\" width=\"1365\" height=\"2048\" src=\"https:\/\/kamilspolnicki.pl\/wp-content\/uploads\/2025\/04\/palac-czosnowskich-opypy-warszawa-85.jpg\" class=\"attachment-full size-full wp-post-image\" alt=\"\" srcset=\"https:\/\/kamilspolnicki.pl\/wp-content\/uploads\/2025\/04\/palac-czosnowskich-opypy-warszawa-85.jpg 1365w, https:\/\/kamilspolnicki.pl\/wp-content\/uploads\/2025\/04\/palac-czosnowskich-opypy-warszawa-85-200x300.jpg 200w, https:\/\/kamilspolnicki.pl\/wp-content\/uploads\/2025\/04\/palac-czosnowskich-opypy-warszawa-85-683x1024.jpg 683w, https:\/\/kamilspolnicki.pl\/wp-content\/uploads\/2025\/04\/palac-czosnowskich-opypy-warszawa-85-768x1152.jpg 768w, https:\/\/kamilspolnicki.pl\/wp-content\/uploads\/2025\/04\/palac-czosnowskich-opypy-warszawa-85-1024x1536.jpg 1024w\" sizes=\"(max-width: 1365px) 100vw, 1365px\" \/>\t\t<\/a>\n\t<\/div>\n\t\t<\/div>\n\t\t<div class=\"qodef-e-content\" >\n\t\t\t<div class=\"qodef-e-text\">\n\t\t\t\t<h3 itemprop=\"name\" class=\"qodef-e-title entry-title\" >\n\t<a itemprop=\"url\" class=\"qodef-e-title-link\" href=\"https:\/\/kamilspolnicki.pl\/en\/portfolio\/slub-palac-czosnowskich\/\" target=\"_self\">\n\t\tCZOSNOWSKI PALACE\t<\/a>\n<\/h3>\n\t\t\t<\/div>\n\t\t\t<div class=\"qodef-e-top-holder\">\n\t\t\t\t<div class=\"qodef-e-info\">\n\t\t\t\t\t\t\t\t\t<\/div>\n\t\t\t<\/div>\n\t\t<\/div>\n\t<\/div>\n<\/article>\n<article class=\"qodef-e qodef-grid-item qodef-item--full post-82722 portfolio-item type-portfolio-item status-publish has-post-thumbnail hentry\">\n\t<div class=\"qodef-e-inner\">\n\t\t<div class=\"qodef-e-image\" >\n\t\t\t\t<div class=\"qodef-e-media-image\">\n\t\t<a itemprop=\"url\" href=\"https:\/\/kamilspolnicki.pl\/en\/portfolio\/slub-cywilny-folwark-ruchenka\/\" target=\"_self\">\n\t\t\t<img loading=\"lazy\" decoding=\"async\" width=\"1365\" height=\"2048\" src=\"https:\/\/kamilspolnicki.pl\/wp-content\/uploads\/2025\/04\/insta-142.jpg\" class=\"attachment-full size-full wp-post-image\" alt=\"\" srcset=\"https:\/\/kamilspolnicki.pl\/wp-content\/uploads\/2025\/04\/insta-142.jpg 1365w, https:\/\/kamilspolnicki.pl\/wp-content\/uploads\/2025\/04\/insta-142-200x300.jpg 200w, https:\/\/kamilspolnicki.pl\/wp-content\/uploads\/2025\/04\/insta-142-683x1024.jpg 683w, https:\/\/kamilspolnicki.pl\/wp-content\/uploads\/2025\/04\/insta-142-768x1152.jpg 768w, https:\/\/kamilspolnicki.pl\/wp-content\/uploads\/2025\/04\/insta-142-1024x1536.jpg 1024w\" sizes=\"(max-width: 1365px) 100vw, 1365px\" \/>\t\t<\/a>\n\t<\/div>\n\t\t<\/div>\n\t\t<div class=\"qodef-e-content\" >\n\t\t\t<div class=\"qodef-e-text\">\n\t\t\t\t<h3 itemprop=\"name\" class=\"qodef-e-title entry-title\" >\n\t<a itemprop=\"url\" class=\"qodef-e-title-link\" href=\"https:\/\/kamilspolnicki.pl\/en\/portfolio\/slub-cywilny-folwark-ruchenka\/\" target=\"_self\">\n\t\tRUCHENKA ESTATE\t<\/a>\n<\/h3>\n\t\t\t<\/div>\n\t\t\t<div class=\"qodef-e-top-holder\">\n\t\t\t\t<div class=\"qodef-e-info\">\n\t\t\t\t\t\t\t\t\t<\/div>\n\t\t\t<\/div>\n\t\t<\/div>\n\t<\/div>\n<\/article>\n\t<\/div>\n\t\t<div class=\"qodef-m-pagination qodef--standard\">\n\t\t<div class=\"qodef-m-pagination-inner\">\n\t\t\t<nav class=\"qodef-m-pagination-items\">\n\t\t\t\t<a class=\"qodef-m-pagination-item qodef--prev qodef--hide\" href=\"#\" data-paged=\"1\">\n\t\t\t\t\t<svg xmlns=\"http:\/\/www.w3.org\/2000\/svg\" width=\"23.44\" height=\"42.02\" viewbox=\"0 0 23.44 42.02\"><path d=\"M-1991.2,2582l-21.3,20.286,21.3,20.286\" transform=\"translate(2013.95 -2581.276)\" fill=\"none\" stroke=\"#e0bdb6\" stroke-width=\"2\"\/><\/svg>\t\t\t\t<\/a>\n\t\t\t\t\t\t\t\t\t<a class=\"qodef-m-pagination-item qodef--number qodef--number-1 qodef--active\" href=\"#\" data-paged=\"1\"> 1<\/a>\n\t\t\t\t\t\t\t\t\t<a class=\"qodef-m-pagination-item qodef--number qodef--number-2\" href=\"#\" data-paged=\"2\"> 2<\/a>\n\t\t\t\t\t\t\t\t<a class=\"qodef-m-pagination-item qodef--next\" href=\"#\" data-paged=\"2\">\n\t\t\t\t\t<svg xmlns=\"http:\/\/www.w3.org\/2000\/svg\" width=\"23.44\" height=\"42.02\" viewbox=\"0 0 23.44 42.02\"><path d=\"M-1991.2,2582l-21.3,20.286,21.3,20.286\" transform=\"translate(-1990.51 2623.296) rotate(180)\" fill=\"none\" stroke=\"#e0bdb6\" stroke-width=\"2\"\/><\/svg>\t\t\t\t<\/a>\n\t\t\t<\/nav>\n\t\t<\/div>\n\t<\/div>\n\t<svg class=\"qodef-svg--spinner qodef-m-pagination-spinner\" xmlns=\"http:\/\/www.w3.org\/2000\/svg\" width=\"512\" height=\"512\" viewbox=\"0 0 512 512\"><path d=\"M304 48c0 26.51-21.49 48-48 48s-48-21.49-48-48 21.49-48 48-48 48 21.49 48 48zm-48 368c-26.51 0-48 21.49-48 48s21.49 48 48 48 48-21.49 48-48-21.49-48-48-48zm208-208c-26.51 0-48 21.49-48 48s21.49 48 48 48 48-21.49 48-48-21.49-48-48-48zM96 256c0-26.51-21.49-48-48-48S0 229.49 0 256s21.49 48 48 48 48-21.49 48-48zm12.922 99.078c-26.51 0-48 21.49-48 48s21.49 48 48 48 48-21.49 48-48c0-26.509-21.491-48-48-48zm294.156 0c-26.51 0-48 21.49-48 48s21.49 48 48 48 48-21.49 48-48c0-26.509-21.49-48-48-48zM108.922 60.922c-26.51 0-48 21.49-48 48s21.49 48 48 48 48-21.49 48-48-21.491-48-48-48z\"><\/path><\/svg><\/div>\n\t\t\t\t<\/div>\n\t\t\t\t<\/div>\n\t\t\t\t<\/div>\n\t\t\t\t\t<\/div>\n\t\t\t\t<\/div>\n\t\t<div class=\"elementor-element elementor-element-a812b1e e-flex e-con-boxed e-con e-parent\" data-id=\"a812b1e\" data-element_type=\"container\">\n\t\t\t\t\t<div class=\"e-con-inner\">\n\t\t\t\t\t<\/div>\n\t\t\t\t<\/div>\n\t\t\t\t<\/div>","protected":false},"excerpt":{"rendered":"<p>Historie \u015blubne Nasze reporta\u017ce \u015blubne to co\u015b wi\u0119cej ni\u017c zdj\u0119cia \u2013 to spos\u00f3b patrzenia. Fotografujemy \u015bluby w Lublinie, Warszawie, nad Como, w Dolinie Cedronu, w pa\u0142acach z histori\u0105 i miejscach, gdzie liczy si\u0119 \u015bwiat\u0142o i gest. Najwa\u017cniejsze nie jest miejsce \u2013 tylko to, co dzieje si\u0119 mi\u0119dzy Wami. Szukasz fotografa, kt\u00f3ry czuje emocje, pracuje z [&hellip;]<\/p>","protected":false},"author":1,"featured_media":0,"parent":0,"menu_order":0,"comment_status":"closed","ping_status":"closed","template":"","meta":{"footnotes":""},"class_list":["post-82047","page","type-page","status-publish","hentry"],"_links":{"self":[{"href":"https:\/\/kamilspolnicki.pl\/en\/wp-json\/wp\/v2\/pages\/82047","targetHints":{"allow":["GET"]}}],"collection":[{"href":"https:\/\/kamilspolnicki.pl\/en\/wp-json\/wp\/v2\/pages"}],"about":[{"href":"https:\/\/kamilspolnicki.pl\/en\/wp-json\/wp\/v2\/types\/page"}],"author":[{"embeddable":true,"href":"https:\/\/kamilspolnicki.pl\/en\/wp-json\/wp\/v2\/users\/1"}],"replies":[{"embeddable":true,"href":"https:\/\/kamilspolnicki.pl\/en\/wp-json\/wp\/v2\/comments?post=82047"}],"version-history":[{"count":32,"href":"https:\/\/kamilspolnicki.pl\/en\/wp-json\/wp\/v2\/pages\/82047\/revisions"}],"predecessor-version":[{"id":84722,"href":"https:\/\/kamilspolnicki.pl\/en\/wp-json\/wp\/v2\/pages\/82047\/revisions\/84722"}],"wp:attachment":[{"href":"https:\/\/kamilspolnicki.pl\/en\/wp-json\/wp\/v2\/media?parent=82047"}],"curies":[{"name":"wp","href":"https:\/\/api.w.org\/{rel}","templated":true}]}}