{"id":82024,"date":"2025-04-01T19:33:45","date_gmt":"2025-04-01T17:33:45","guid":{"rendered":"https:\/\/kamilspolnicki.pl\/?page_id=82024"},"modified":"2025-06-13T15:38:01","modified_gmt":"2025-06-13T13:38:01","slug":"ponadczasowa-fotografia-slubna-warszawa-lublin-polska","status":"publish","type":"page","link":"https:\/\/kamilspolnicki.pl\/en\/","title":{"rendered":"Start"},"content":{"rendered":"<div data-elementor-type=\"wp-page\" data-elementor-id=\"82024\" class=\"elementor elementor-82024\">\n\t\t\t\t\t\t<section class=\"elementor-section elementor-top-section elementor-element elementor-element-665ff37c elementor-section-full_width elementor-section-height-default elementor-section-height-default qodef-elementor-content-no qodef-elementor-back-btn-skin-default\" data-id=\"665ff37c\" data-element_type=\"section\">\n\t\t\t\t\t\t<div class=\"elementor-container elementor-column-gap-no\">\n\t\t\t\t\t<div class=\"elementor-column elementor-col-100 elementor-top-column elementor-element elementor-element-7c33201c\" data-id=\"7c33201c\" data-element_type=\"column\">\n\t\t\t<div class=\"elementor-widget-wrap elementor-element-populated\">\n\t\t\t\t\t\t<div class=\"elementor-element elementor-element-39f87b8d elementor-widget elementor-widget-slider_revolution\" data-id=\"39f87b8d\" data-element_type=\"widget\" data-widget_type=\"slider_revolution.default\">\n\t\t\t\t<div class=\"elementor-widget-container\">\n\t\t\t\t\t\n\t\t<div class=\"wp-block-themepunch-revslider\">\n\t\t\t<!-- START Landing Top1 REVOLUTION SLIDER 6.7.9 --><p class=\"rs-p-wp-fix\"><\/p>\n\t\t\t<rs-module-wrap id=\"rev_slider_7_1_wrapper\" data-source=\"gallery\" style=\"visibility:hidden;background:transparent;padding:0;margin:0px auto;margin-top:0;margin-bottom:0;\">\n\t\t\t\t<rs-module id=\"rev_slider_7_1\" style=\"\" data-version=\"6.7.9\">\n\t\t\t\t\t<rs-slides style=\"overflow: hidden; position: absolute;\">\n\t\t\t\t\t\t<rs-slide style=\"position: absolute;\" data-key=\"rs-9\" data-title=\"Slide\" data-in=\"o:0;\" data-out=\"a:false;\">\n\t\t\t\t\t\t\t<img fetchpriority=\"high\" decoding=\"async\" src=\"\/\/kamilspolnicki.pl\/wp-content\/plugins\/revslider\/sr6\/assets\/assets\/dummy.png\" alt=\"sesja \u015blubna Kapadocja balony\" title=\"kappadocia-1\" width=\"2560\" height=\"1707\" class=\"rev-slidebg tp-rs-img rs-lazyload\" data-lazyload=\"\/\/kamilspolnicki.pl\/wp-content\/uploads\/2025\/04\/kappadocia-1-scaled.jpg\" data-panzoom=\"d:10000;ss:110%;se:100%;os:50px\/50px;oe:0px\/0px;\" data-no-retina>\n<!--\n\t\t\t\t\t\t\t--><rs-layer\n\t\t\t\t\t\t\t\tid=\"slider-7-slide-9-layer-0\" \n\t\t\t\t\t\t\t\tdata-type=\"text\"\n\t\t\t\t\t\t\t\tdata-xy=\"xo:51px,51px,51px,-11px;yo:566px,566px,566px,529px;\"\n\t\t\t\t\t\t\t\tdata-text=\"w:normal;s:48,48,48,33;l:40,40,40,30;ls:-2,-2,-2,0;fw:300,300,300,400;\"\n\t\t\t\t\t\t\t\tdata-dim=\"w:369,369,369,255;\"\n\t\t\t\t\t\t\t\tdata-rsp_o=\"off\"\n\t\t\t\t\t\t\t\tdata-frame_999=\"o:0;st:w;\"\n\t\t\t\t\t\t\t\tstyle=\"z-index:3;font-family:'Cormorant Upright';\"\n\t\t\t\t\t\t\t>TIMELESS<br \/>\nWEDDING <br \/>\nREPORTAGE<br \/>\n \n\t\t\t\t\t\t\t<\/rs-layer><!--\n-->\t\t\t\t\t<\/rs-slide>\n\t\t\t\t\t<\/rs-slides>\n\t\t\t\t\t<rs-static-layers class=\"rs-stl-back rs-stl-visible\"><!--\n\t\t\t\t\t--><\/rs-static-layers>\n\t\t\t\t<\/rs-module>\n\t\t\t\t<script>\n\t\t\t\t\tsetREVStartSize({c: 'rev_slider_7_1',rl:[1240,1024,778,480],el:[1000,767,960,720],gw:[1400,1100,600,300],gh:[1000,768,960,720],type:'hero',justify:'',layout:'fullwidth',mh:\"0\"});if (window.RS_MODULES!==undefined && window.RS_MODULES.modules!==undefined && window.RS_MODULES.modules[\"revslider71\"]!==undefined) {window.RS_MODULES.modules[\"revslider71\"].once = false;window.revapi7 = undefined;if (window.RS_MODULES.checkMinimal!==undefined) window.RS_MODULES.checkMinimal()}\n\t\t\t\t<\/script>\n\t\t\t<\/rs-module-wrap>\n\t\t\t<!-- END REVOLUTION SLIDER -->\n<\/div>\n\n\t\t\t\t\t\t<\/div>\n\t\t\t\t<\/div>\n\t\t\t\t\t<\/div>\n\t\t<\/div>\n\t\t\t\t\t<\/div>\n\t\t<\/section>\n\t\t<div class=\"elementor-element elementor-element-d92ac47 e-flex e-con-boxed e-con e-parent\" data-id=\"d92ac47\" data-element_type=\"container\">\n\t\t\t\t\t<div class=\"e-con-inner\">\n\t\t\t\t\t<\/div>\n\t\t\t\t<\/div>\n\t\t<div class=\"elementor-element elementor-element-63beb9dc e-con-full e-flex e-con e-parent\" data-id=\"63beb9dc\" data-element_type=\"container\">\n\t\t\t\t<div class=\"elementor-element elementor-element-554a269b elementor-widget elementor-widget-text-editor\" data-id=\"554a269b\" data-element_type=\"widget\" data-widget_type=\"text-editor.default\">\n\t\t\t\t<div class=\"elementor-widget-container\">\n\t\t\t\t\t\t\t\t\t<h1 style=\"text-align: center;\">STORIES<\/h1>\t\t\t\t\t\t\t\t<\/div>\n\t\t\t\t<\/div>\n\t\t\t\t<div class=\"elementor-element elementor-element-bb8360b elementor-widget__width-initial elementor-widget elementor-widget-text-editor\" data-id=\"bb8360b\" data-element_type=\"widget\" data-widget_type=\"text-editor.default\">\n\t\t\t\t<div class=\"elementor-widget-container\">\n\t\t\t\t\t\t\t\t\t<p>We don\u2019t believe in random weddings. We believe that everything matters \u2013 light, gestures, breath, skin. Photography is for us a form of conscious presence between chaos and intimacy. The first steps, the quiet touches, the gentle movement. We want the photos to speak in whispers, not shouts \u2013 but say more. It\u2019s not about what was there, but how it felt.<\/p>\t\t\t\t\t\t\t\t<\/div>\n\t\t\t\t<\/div>\n\t\t\t\t<\/div>\n\t\t\t\t<section class=\"elementor-section elementor-top-section elementor-element elementor-element-7f150a59 elementor-section-full_width elementor-section-stretched elementor-section-height-default elementor-section-height-default qodef-elementor-content-no qodef-elementor-back-btn-skin-default\" data-id=\"7f150a59\" data-element_type=\"section\" data-settings=\"{&quot;background_background&quot;:&quot;classic&quot;,&quot;stretch_section&quot;:&quot;section-stretched&quot;}\">\n\t\t\t\t\t\t<div class=\"elementor-container elementor-column-gap-default\">\n\t\t\t\t\t<div class=\"elementor-column elementor-col-100 elementor-top-column elementor-element elementor-element-4a92a53b\" data-id=\"4a92a53b\" data-element_type=\"column\">\n\t\t\t<div class=\"elementor-widget-wrap elementor-element-populated\">\n\t\t\t\t\t\t<div class=\"elementor-element elementor-element-23823395 elementor-widget elementor-widget-menu-anchor\" data-id=\"23823395\" data-element_type=\"widget\" data-widget_type=\"menu-anchor.default\">\n\t\t\t\t<div class=\"elementor-widget-container\">\n\t\t\t\t\t\t\t<div class=\"elementor-menu-anchor\" id=\"menu\"><\/div>\n\t\t\t\t\t\t<\/div>\n\t\t\t\t<\/div>\n\t\t\t\t<div class=\"elementor-element elementor-element-2765cd4d elementor-widget__width-initial e-transform e-transform elementor-widget elementor-widget-everfondly_core_parallax_showcase\" data-id=\"2765cd4d\" data-element_type=\"widget\" data-settings=\"{&quot;_transform_translateX_effect&quot;:{&quot;unit&quot;:&quot;px&quot;,&quot;size&quot;:&quot;&quot;,&quot;sizes&quot;:[]},&quot;_transform_translateX_effect_tablet&quot;:{&quot;unit&quot;:&quot;px&quot;,&quot;size&quot;:&quot;&quot;,&quot;sizes&quot;:[]},&quot;_transform_translateX_effect_mobile&quot;:{&quot;unit&quot;:&quot;px&quot;,&quot;size&quot;:&quot;&quot;,&quot;sizes&quot;:[]},&quot;_transform_translateY_effect&quot;:{&quot;unit&quot;:&quot;px&quot;,&quot;size&quot;:&quot;&quot;,&quot;sizes&quot;:[]},&quot;_transform_translateY_effect_tablet&quot;:{&quot;unit&quot;:&quot;px&quot;,&quot;size&quot;:&quot;&quot;,&quot;sizes&quot;:[]},&quot;_transform_translateY_effect_mobile&quot;:{&quot;unit&quot;:&quot;px&quot;,&quot;size&quot;:&quot;&quot;,&quot;sizes&quot;:[]},&quot;_transform_scale_effect&quot;:{&quot;unit&quot;:&quot;px&quot;,&quot;size&quot;:&quot;&quot;,&quot;sizes&quot;:[]},&quot;_transform_scale_effect_tablet&quot;:{&quot;unit&quot;:&quot;px&quot;,&quot;size&quot;:&quot;&quot;,&quot;sizes&quot;:[]},&quot;_transform_scale_effect_mobile&quot;:{&quot;unit&quot;:&quot;px&quot;,&quot;size&quot;:&quot;&quot;,&quot;sizes&quot;:[]}}\" data-widget_type=\"everfondly_core_parallax_showcase.default\">\n\t\t\t\t<div class=\"elementor-widget-container\">\n\t\t\t\t\t<div class=\"qodef-shortcode qodef-m  qodef-parallax-showcase qodef-layout--list qodef-title-break--disabled qodef-parallax-effect--enabled\">\n\t\t\t\t\t\t<div class=\"qodef-m-items-group\">\n\t\t\t\t\t\t\t<div class=\"qodef-m-items\">\n\t\t\t\t\t<div class=\"qodef-m-item qodef-e qodef--has-custom-appear\">\n\t\t\t<div class=\"qodef-m-image\">\n\t\t\t\t\t\t\t<a itemprop=\"url\" class=\"qodef-e-image-link\" href=\"https:\/\/kamilspolnicki.pl\/en\/portfolio\/sesja-poslubna-w-kapadocji\/\" target=\"_blank\">\n\t\t\t\n\t\t\t\t<img decoding=\"async\" width=\"1414\" height=\"2000\" src=\"https:\/\/kamilspolnicki.pl\/wp-content\/uploads\/2025\/04\/2.png\" class=\"attachment-full size-full\" alt=\"ponadczasowy reporta\u017c \u015blubny\" srcset=\"https:\/\/kamilspolnicki.pl\/wp-content\/uploads\/2025\/04\/2.png 1414w, https:\/\/kamilspolnicki.pl\/wp-content\/uploads\/2025\/04\/2-212x300.png 212w, https:\/\/kamilspolnicki.pl\/wp-content\/uploads\/2025\/04\/2-724x1024.png 724w, https:\/\/kamilspolnicki.pl\/wp-content\/uploads\/2025\/04\/2-768x1086.png 768w, https:\/\/kamilspolnicki.pl\/wp-content\/uploads\/2025\/04\/2-1086x1536.png 1086w\" sizes=\"(max-width: 1414px) 100vw, 1414px\" \/>\n\t\t\t\t\t\t\t<\/a>\n\t\t\t\t\t<\/div>\n\t\t\t\t<h2 class=\"qodef-e-title\" >\n\t\t<a itemprop=\"url\" class=\"qodef-e-title-link\" href=\"https:\/\/kamilspolnicki.pl\/en\/portfolio\/sesja-poslubna-w-kapadocji\/\" target=\"_blank\"> Kapadocja <\/a>\t\t<\/h2>\n\t\t<\/div>\n\t\t\t\t<\/div>\n\t\t\t\t\t\t\t\t\t\t<div class=\"qodef-m-items\">\n\t\t\t\t\t<div class=\"qodef-m-item qodef-e qodef--has-custom-appear\">\n\t\t\t<div class=\"qodef-m-image\">\n\t\t\t\t\t\t\t<a itemprop=\"url\" class=\"qodef-e-image-link\" href=\"https:\/\/kamilspolnicki.pl\/en\/portfolio\/sesja-poslubna-w-palacu-popielow\/\" target=\"_blank\">\n\t\t\t\n\t\t\t\t<img decoding=\"async\" width=\"1414\" height=\"2000\" src=\"https:\/\/kamilspolnicki.pl\/wp-content\/uploads\/2025\/04\/5.png\" class=\"attachment-full size-full\" alt=\"\" srcset=\"https:\/\/kamilspolnicki.pl\/wp-content\/uploads\/2025\/04\/5.png 1414w, https:\/\/kamilspolnicki.pl\/wp-content\/uploads\/2025\/04\/5-212x300.png 212w, https:\/\/kamilspolnicki.pl\/wp-content\/uploads\/2025\/04\/5-724x1024.png 724w, https:\/\/kamilspolnicki.pl\/wp-content\/uploads\/2025\/04\/5-768x1086.png 768w, https:\/\/kamilspolnicki.pl\/wp-content\/uploads\/2025\/04\/5-1086x1536.png 1086w\" sizes=\"(max-width: 1414px) 100vw, 1414px\" \/>\n\t\t\t\t\t\t\t<\/a>\n\t\t\t\t\t<\/div>\n\t\t\t\t<h2 class=\"qodef-e-title\" >\n\t\t<a itemprop=\"url\" class=\"qodef-e-title-link\" href=\"https:\/\/kamilspolnicki.pl\/en\/portfolio\/sesja-poslubna-w-palacu-popielow\/\" target=\"_blank\"> POPIEL\u00d3W PALACE <\/a>\t\t<\/h2>\n\t\t<\/div>\n\t\t\t\t<\/div>\n\t\t\t\t\t<\/div>\n\t\t\t<span class=\"qodef-e-separator qodef--has-custom-appear\"><span class=\"qodef-e-separator-inner\"><\/span><\/span>\n\t\t\t\t\t\t\t\t\t\t<div class=\"qodef-m-items-group\">\n\t\t\t\t\t\t\t<div class=\"qodef-m-items\">\n\t\t\t\t\t<div class=\"qodef-m-item qodef-e qodef--has-custom-appear\">\n\t\t\t<div class=\"qodef-m-image\">\n\t\t\t\t\t\t\t<a itemprop=\"url\" class=\"qodef-e-image-link\" href=\"https:\/\/kamilspolnicki.pl\/en\/portfolio\/slub-w-belvedere-warszawa\/\" target=\"_blank\">\n\t\t\t\n\t\t\t\t<img loading=\"lazy\" decoding=\"async\" width=\"1414\" height=\"2000\" src=\"https:\/\/kamilspolnicki.pl\/wp-content\/uploads\/2025\/04\/6.png\" class=\"attachment-full size-full\" alt=\"\" srcset=\"https:\/\/kamilspolnicki.pl\/wp-content\/uploads\/2025\/04\/6.png 1414w, https:\/\/kamilspolnicki.pl\/wp-content\/uploads\/2025\/04\/6-212x300.png 212w, https:\/\/kamilspolnicki.pl\/wp-content\/uploads\/2025\/04\/6-724x1024.png 724w, https:\/\/kamilspolnicki.pl\/wp-content\/uploads\/2025\/04\/6-768x1086.png 768w, https:\/\/kamilspolnicki.pl\/wp-content\/uploads\/2025\/04\/6-1086x1536.png 1086w\" sizes=\"(max-width: 1414px) 100vw, 1414px\" \/>\n\t\t\t\t\t\t\t<\/a>\n\t\t\t\t\t<\/div>\n\t\t\t\t<h2 class=\"qodef-e-title\" >\n\t\t<a itemprop=\"url\" class=\"qodef-e-title-link\" href=\"https:\/\/kamilspolnicki.pl\/en\/portfolio\/slub-w-belvedere-warszawa\/\" target=\"_blank\"> BELVEDERE, WARSAW <\/a>\t\t<\/h2>\n\t\t<\/div>\n\t\t\t\t<\/div>\n\t\t\t\t\t\t\t\t\t\t<div class=\"qodef-m-items\">\n\t\t\t\t\t<div class=\"qodef-m-item qodef-e qodef--has-custom-appear\">\n\t\t\t<div class=\"qodef-m-image\">\n\t\t\t\t\t\t\t<a itemprop=\"url\" class=\"qodef-e-image-link\" href=\"https:\/\/kamilspolnicki.pl\/en\/portfolio\/slub-palac-czosnowskich\/\" target=\"_blank\">\n\t\t\t\n\t\t\t\t<img loading=\"lazy\" decoding=\"async\" width=\"1414\" height=\"2000\" src=\"https:\/\/kamilspolnicki.pl\/wp-content\/uploads\/2025\/04\/13.png\" class=\"attachment-full size-full\" alt=\"plenerowy \u015blub Pa\u0142ac Czosnowskich\" srcset=\"https:\/\/kamilspolnicki.pl\/wp-content\/uploads\/2025\/04\/13.png 1414w, https:\/\/kamilspolnicki.pl\/wp-content\/uploads\/2025\/04\/13-212x300.png 212w, https:\/\/kamilspolnicki.pl\/wp-content\/uploads\/2025\/04\/13-724x1024.png 724w, https:\/\/kamilspolnicki.pl\/wp-content\/uploads\/2025\/04\/13-768x1086.png 768w, https:\/\/kamilspolnicki.pl\/wp-content\/uploads\/2025\/04\/13-1086x1536.png 1086w\" sizes=\"(max-width: 1414px) 100vw, 1414px\" \/>\n\t\t\t\t\t\t\t<\/a>\n\t\t\t\t\t<\/div>\n\t\t\t\t<h2 class=\"qodef-e-title\" >\n\t\t<a itemprop=\"url\" class=\"qodef-e-title-link\" href=\"https:\/\/kamilspolnicki.pl\/en\/portfolio\/slub-palac-czosnowskich\/\" target=\"_blank\"> CZOSNOWSKI PALACE <\/a>\t\t<\/h2>\n\t\t<\/div>\n\t\t\t\t<\/div>\n\t\t\t\t\t<\/div>\n\t\t\t<span class=\"qodef-e-separator qodef--has-custom-appear\"><span class=\"qodef-e-separator-inner\"><\/span><\/span>\n\t\t\t\t\t\t\t\t\t\t\t<div class=\"qodef-m-items-group\">\n\t\t\t\t\t\t\t<div class=\"qodef-m-items\">\n\t\t\t\t\t<div class=\"qodef-m-item qodef-e qodef--has-custom-appear\">\n\t\t\t<div class=\"qodef-m-image\">\n\t\t\t\t\t\t\t<a itemprop=\"url\" class=\"qodef-e-image-link\" href=\"https:\/\/kamilspolnicki.pl\/en\/portfolio\/slub-cywilny-folwark-ruchenka\/\" target=\"_blank\">\n\t\t\t\n\t\t\t\t<img loading=\"lazy\" decoding=\"async\" width=\"1414\" height=\"2000\" src=\"https:\/\/kamilspolnicki.pl\/wp-content\/uploads\/2025\/04\/Beige-Simple-Wedding-Event-Flyer-.png\" class=\"attachment-full size-full\" alt=\"\" srcset=\"https:\/\/kamilspolnicki.pl\/wp-content\/uploads\/2025\/04\/Beige-Simple-Wedding-Event-Flyer-.png 1414w, https:\/\/kamilspolnicki.pl\/wp-content\/uploads\/2025\/04\/Beige-Simple-Wedding-Event-Flyer--212x300.png 212w, https:\/\/kamilspolnicki.pl\/wp-content\/uploads\/2025\/04\/Beige-Simple-Wedding-Event-Flyer--724x1024.png 724w, https:\/\/kamilspolnicki.pl\/wp-content\/uploads\/2025\/04\/Beige-Simple-Wedding-Event-Flyer--768x1086.png 768w, https:\/\/kamilspolnicki.pl\/wp-content\/uploads\/2025\/04\/Beige-Simple-Wedding-Event-Flyer--1086x1536.png 1086w\" sizes=\"(max-width: 1414px) 100vw, 1414px\" \/>\n\t\t\t\t\t\t\t<\/a>\n\t\t\t\t\t<\/div>\n\t\t\t\t<h2 class=\"qodef-e-title\" >\n\t\t<a itemprop=\"url\" class=\"qodef-e-title-link\" href=\"https:\/\/kamilspolnicki.pl\/en\/portfolio\/slub-cywilny-folwark-ruchenka\/\" target=\"_blank\"> RUCHENKA ESTATE <\/a>\t\t<\/h2>\n\t\t<\/div>\n\t\t\t\t<\/div>\n\t\t\t\t\t\t\t\t\t\t<div class=\"qodef-m-items\">\n\t\t\t\t\t<div class=\"qodef-m-item qodef-e qodef--has-custom-appear\">\n\t\t\t<div class=\"qodef-m-image\">\n\t\t\t\t\t\t\t<a itemprop=\"url\" class=\"qodef-e-image-link\" href=\"https:\/\/kamilspolnicki.pl\/en\/portfolio\/slub-nad-jeziorem-como\/\" target=\"_blank\">\n\t\t\t\n\t\t\t\t<img loading=\"lazy\" decoding=\"async\" width=\"1414\" height=\"2000\" src=\"https:\/\/kamilspolnicki.pl\/wp-content\/uploads\/2025\/04\/16.png\" class=\"attachment-full size-full\" alt=\"\" srcset=\"https:\/\/kamilspolnicki.pl\/wp-content\/uploads\/2025\/04\/16.png 1414w, https:\/\/kamilspolnicki.pl\/wp-content\/uploads\/2025\/04\/16-212x300.png 212w, https:\/\/kamilspolnicki.pl\/wp-content\/uploads\/2025\/04\/16-724x1024.png 724w, https:\/\/kamilspolnicki.pl\/wp-content\/uploads\/2025\/04\/16-768x1086.png 768w, https:\/\/kamilspolnicki.pl\/wp-content\/uploads\/2025\/04\/16-1086x1536.png 1086w\" sizes=\"(max-width: 1414px) 100vw, 1414px\" \/>\n\t\t\t\t\t\t\t<\/a>\n\t\t\t\t\t<\/div>\n\t\t\t\t<h2 class=\"qodef-e-title\" >\n\t\t<a itemprop=\"url\" class=\"qodef-e-title-link\" href=\"https:\/\/kamilspolnicki.pl\/en\/portfolio\/slub-nad-jeziorem-como\/\" target=\"_blank\"> VILLA REGINA TEODOLINDA <\/a>\t\t<\/h2>\n\t\t<\/div>\n\t\t\t\t<\/div>\n\t\t\t\t\t<\/div>\n            <span class=\"qodef-e-separator qodef--has-custom-appear\"><span class=\"qodef-e-separator-inner\"><\/span><\/span>\n\t\t\t\t\t\t\t\t\t\t<div class=\"qodef-m-items-group\">\n\t\t\t\t\t\t\t<div class=\"qodef-m-items\">\n\t\t\t\t\t<div class=\"qodef-m-item qodef-e qodef--has-custom-appear\">\n\t\t\t<div class=\"qodef-m-image\">\n\t\t\t\t\t\t\t<a itemprop=\"url\" class=\"qodef-e-image-link\" href=\"https:\/\/kamilspolnicki.pl\/en\/portfolio\/positano-wlochy\/\" target=\"_blank\">\n\t\t\t\n\t\t\t\t<img loading=\"lazy\" decoding=\"async\" width=\"1414\" height=\"2000\" src=\"https:\/\/kamilspolnicki.pl\/wp-content\/uploads\/2025\/04\/17.png\" class=\"attachment-full size-full\" alt=\"\" srcset=\"https:\/\/kamilspolnicki.pl\/wp-content\/uploads\/2025\/04\/17.png 1414w, https:\/\/kamilspolnicki.pl\/wp-content\/uploads\/2025\/04\/17-212x300.png 212w, https:\/\/kamilspolnicki.pl\/wp-content\/uploads\/2025\/04\/17-724x1024.png 724w, https:\/\/kamilspolnicki.pl\/wp-content\/uploads\/2025\/04\/17-768x1086.png 768w, https:\/\/kamilspolnicki.pl\/wp-content\/uploads\/2025\/04\/17-1086x1536.png 1086w\" sizes=\"(max-width: 1414px) 100vw, 1414px\" \/>\n\t\t\t\t\t\t\t<\/a>\n\t\t\t\t\t<\/div>\n\t\t\t\t<h2 class=\"qodef-e-title\" >\n\t\t<a itemprop=\"url\" class=\"qodef-e-title-link\" href=\"https:\/\/kamilspolnicki.pl\/en\/portfolio\/positano-wlochy\/\" target=\"_blank\"> POSITANO, ITALY <\/a>\t\t<\/h2>\n\t\t<\/div>\n\t\t\t\t<\/div>\n\t\t\t\t\t\t\t\t\t\t<div class=\"qodef-m-items\">\n\t\t\t\t\t<div class=\"qodef-m-item qodef-e qodef--has-custom-appear\">\n\t\t\t<div class=\"qodef-m-image\">\n\t\t\t\t\t\t\t<a itemprop=\"url\" class=\"qodef-e-image-link\" href=\"https:\/\/kamilspolnicki.pl\/en\/portfolio\/reportaz-slubny-villa-love\/\" target=\"_blank\">\n\t\t\t\n\t\t\t\t<img loading=\"lazy\" decoding=\"async\" width=\"1414\" height=\"2000\" src=\"https:\/\/kamilspolnicki.pl\/wp-content\/uploads\/2025\/04\/8.png\" class=\"attachment-full size-full\" alt=\"\" srcset=\"https:\/\/kamilspolnicki.pl\/wp-content\/uploads\/2025\/04\/8.png 1414w, https:\/\/kamilspolnicki.pl\/wp-content\/uploads\/2025\/04\/8-212x300.png 212w, https:\/\/kamilspolnicki.pl\/wp-content\/uploads\/2025\/04\/8-724x1024.png 724w, https:\/\/kamilspolnicki.pl\/wp-content\/uploads\/2025\/04\/8-768x1086.png 768w, https:\/\/kamilspolnicki.pl\/wp-content\/uploads\/2025\/04\/8-1086x1536.png 1086w\" sizes=\"(max-width: 1414px) 100vw, 1414px\" \/>\n\t\t\t\t\t\t\t<\/a>\n\t\t\t\t\t<\/div>\n\t\t\t\t<h2 class=\"qodef-e-title\" >\n\t\t<a itemprop=\"url\" class=\"qodef-e-title-link\" href=\"https:\/\/kamilspolnicki.pl\/en\/portfolio\/reportaz-slubny-villa-love\/\" target=\"_blank\"> VILLA LOVE <\/a>\t\t<\/h2>\n\t\t<\/div>\n\t\t\t\t<\/div>\n\t\t\t\t\t<\/div>\n            <span class=\"qodef-e-separator qodef--has-custom-appear\"><span class=\"qodef-e-separator-inner\"><\/span><\/span>\n\t\t\t\t\t<\/div>\n\t\t\t\t<\/div>\n\t\t\t\t<\/div>\n\t\t\t\t\t<\/div>\n\t\t<\/div>\n\t\t\t\t\t<\/div>\n\t\t<\/section>\n\t\t\t\t<section class=\"elementor-section elementor-top-section elementor-element elementor-element-63eb160a elementor-section-full_width elementor-section-height-default elementor-section-height-default qodef-elementor-content-no qodef-elementor-back-btn-skin-default\" data-id=\"63eb160a\" data-element_type=\"section\" data-settings=\"{&quot;background_background&quot;:&quot;classic&quot;}\">\n\t\t\t\t\t\t<div class=\"elementor-container elementor-column-gap-default\">\n\t\t\t\t\t<div class=\"elementor-column elementor-col-100 elementor-top-column elementor-element elementor-element-6a54bb7d\" data-id=\"6a54bb7d\" data-element_type=\"column\">\n\t\t\t<div class=\"elementor-widget-wrap elementor-element-populated\">\n\t\t\t\t\t\t<div class=\"elementor-element elementor-element-bf52c3e elementor-widget elementor-widget-everfondly_core_dual_image_with_text\" data-id=\"bf52c3e\" data-element_type=\"widget\" data-widget_type=\"everfondly_core_dual_image_with_text.default\">\n\t\t\t\t<div class=\"elementor-widget-container\">\n\t\t\t\t\t<div class=\"qodef-shortcode qodef-m qodef-font-size-custom-responsive qodef-dual-image-with-text qodef-layout--text-below   qodef-image-two-left qodef-title-break--disabled qodef-title-content-position--middle\">\n\t<div class=\"qodef-m-content\">\n\t\t<div class=\"qodef-m-title-holder\">\n\t\t\t\t<h1 class=\"qodef-m-title\" >\n\tWitajcie  w naszym \u015bwiecie!\t\t<\/h1>\n\t\t<\/div>\n\t\t<div class=\"qodef-m-media-holder\">\n\t\t\t<div class=\"qodef-m-media\">\n\t\t\t\t<div class=\"qodef-m-image qodef-image--one qodef--has-custom-appear\" data-parallax=\"{&quot;y&quot;: -25, &quot;smoothness&quot;: 20}\">\n\t<div class=\"qodef-m-image-inner\">\n\t\t\t\t\t\t\t\t\t<img loading=\"lazy\" decoding=\"async\" width=\"1414\" height=\"2000\" src=\"https:\/\/kamilspolnicki.pl\/wp-content\/uploads\/2025\/04\/18.png\" class=\"attachment-full size-full\" alt=\"\" srcset=\"https:\/\/kamilspolnicki.pl\/wp-content\/uploads\/2025\/04\/18.png 1414w, https:\/\/kamilspolnicki.pl\/wp-content\/uploads\/2025\/04\/18-212x300.png 212w, https:\/\/kamilspolnicki.pl\/wp-content\/uploads\/2025\/04\/18-724x1024.png 724w, https:\/\/kamilspolnicki.pl\/wp-content\/uploads\/2025\/04\/18-768x1086.png 768w, https:\/\/kamilspolnicki.pl\/wp-content\/uploads\/2025\/04\/18-1086x1536.png 1086w\" sizes=\"(max-width: 1414px) 100vw, 1414px\" \/>\t\t\t\t\t\t<\/div>\n<\/div>\n\t\t\t\t<div class=\"qodef-m-image qodef-image--two qodef--has-custom-appear\" data-parallax=\"{&quot;y&quot;: -47, &quot;smoothness&quot;: 20}\">\n\t<div class=\"qodef-m-image-inner\">\n                                    <img loading=\"lazy\" decoding=\"async\" width=\"1414\" height=\"2000\" src=\"https:\/\/kamilspolnicki.pl\/wp-content\/uploads\/2025\/04\/15.png\" class=\"attachment-full size-full\" alt=\"\" srcset=\"https:\/\/kamilspolnicki.pl\/wp-content\/uploads\/2025\/04\/15.png 1414w, https:\/\/kamilspolnicki.pl\/wp-content\/uploads\/2025\/04\/15-212x300.png 212w, https:\/\/kamilspolnicki.pl\/wp-content\/uploads\/2025\/04\/15-724x1024.png 724w, https:\/\/kamilspolnicki.pl\/wp-content\/uploads\/2025\/04\/15-768x1086.png 768w, https:\/\/kamilspolnicki.pl\/wp-content\/uploads\/2025\/04\/15-1086x1536.png 1086w\" sizes=\"(max-width: 1414px) 100vw, 1414px\" \/>                    \t<\/div>\n<\/div>\t\t\t<\/div>\n\t\t<\/div>\n\t\t<div class=\"qodef-m-text-holder\">\n\t\t\t\t\t\t\t\t<\/div>\n\t<\/div>\n\t<\/div>\n\t\t\t\t<\/div>\n\t\t\t\t<\/div>\n\t\t\t\t\t<\/div>\n\t\t<\/div>\n\t\t\t\t\t<\/div>\n\t\t<\/section>\n\t\t<div class=\"elementor-element elementor-element-9338b6f e-flex e-con-boxed e-con e-parent\" data-id=\"9338b6f\" data-element_type=\"container\">\n\t\t\t\t\t<div class=\"e-con-inner\">\n\t\t\t\t<div class=\"elementor-element elementor-element-4ea5545 elementor-widget elementor-widget-text-editor\" data-id=\"4ea5545\" data-element_type=\"widget\" data-widget_type=\"text-editor.default\">\n\t\t\t\t<div class=\"elementor-widget-container\">\n\t\t\t\t\t\t\t\t\t<h6 data-start=\"188\" data-end=\"495\">\u00a0<\/h6><h3 data-start=\"175\" data-end=\"234\">Ponadczasowe zdj\u0119cia \u015blubne w stylu fashion i editorial<\/h3><p data-start=\"236\" data-end=\"449\">Fotografujemy \u015bluby w spos\u00f3b prosty i estetyczny \u2013 z wyczuciem i naturalnie. Szukamy \u015bwiat\u0142a, kompozycji i moment\u00f3w, kt\u00f3re opowiadaj\u0105 o Was w naturalny spos\u00f3b.<br data-start=\"392\" data-end=\"395\" \/>Styl ma znaczenie, ale nigdy nie dominuje nad tre\u015bci\u0105.<\/p><p data-start=\"451\" data-end=\"613\">Nie pracujemy wed\u0142ug szablonu \u2013 ka\u017cda historia wygl\u0105da inaczej, bo ka\u017cda para jest inna.<br data-start=\"537\" data-end=\"540\" \/>Staramy si\u0119 tworzy\u0107 zdj\u0119cia, do kt\u00f3rych chce si\u0119 wraca\u0107 \u2013 nawet po latach.<\/p><p data-start=\"615\" data-end=\"882\">Dzia\u0142amy w ca\u0142ej Polsce i Europie \u2013 od eleganckich pa\u0142ac\u00f3w po kameralne miejsca z charakterem.<br data-start=\"708\" data-end=\"711\" \/>Mieli\u015bmy przyjemno\u015b\u0107 fotografowa\u0107 zar\u00f3wno klasyczne \u015bluby w pi\u0119knych wn\u0119trzach, jak i wyj\u0105tkowe sesje plenerowe \u2013 ka\u017cde z tych do\u015bwiadcze\u0144 mia\u0142o sw\u00f3j w\u0142asny rytm i opowie\u015b\u0107.<\/p>\t\t\t\t\t\t\t\t<\/div>\n\t\t\t\t<\/div>\n\t\t\t\t\t<\/div>\n\t\t\t\t<\/div>\n\t\t\t\t<\/div>","protected":false},"excerpt":{"rendered":"<p>Historie Nie wierzymy w przypadkowe kadry. Wierzymy, \u017ce wszystko ma znaczenie \u2013 \u015bwiat\u0142o, k\u0105t, linia, ruch, cisza. Fotografia \u015blubna to dla nas sztuka budowania harmonii mi\u0119dzy geometri\u0105 a uczuciem. Tworzymy obrazy, kt\u00f3re s\u0105 estetyczne, ale nigdy puste. Chcemy, \u017ceby\u015bcie patrz\u0105c na nie po latach, czuli co\u015b wi\u0119cej ni\u017c \u201e\u0142adne zdj\u0119cia\u201d. Bo pi\u0119kno ma sens tylko [&hellip;]<\/p>","protected":false},"author":1,"featured_media":0,"parent":0,"menu_order":0,"comment_status":"closed","ping_status":"closed","template":"","meta":{"footnotes":""},"class_list":["post-82024","page","type-page","status-publish","hentry"],"_links":{"self":[{"href":"https:\/\/kamilspolnicki.pl\/en\/wp-json\/wp\/v2\/pages\/82024","targetHints":{"allow":["GET"]}}],"collection":[{"href":"https:\/\/kamilspolnicki.pl\/en\/wp-json\/wp\/v2\/pages"}],"about":[{"href":"https:\/\/kamilspolnicki.pl\/en\/wp-json\/wp\/v2\/types\/page"}],"author":[{"embeddable":true,"href":"https:\/\/kamilspolnicki.pl\/en\/wp-json\/wp\/v2\/users\/1"}],"replies":[{"embeddable":true,"href":"https:\/\/kamilspolnicki.pl\/en\/wp-json\/wp\/v2\/comments?post=82024"}],"version-history":[{"count":80,"href":"https:\/\/kamilspolnicki.pl\/en\/wp-json\/wp\/v2\/pages\/82024\/revisions"}],"predecessor-version":[{"id":84740,"href":"https:\/\/kamilspolnicki.pl\/en\/wp-json\/wp\/v2\/pages\/82024\/revisions\/84740"}],"wp:attachment":[{"href":"https:\/\/kamilspolnicki.pl\/en\/wp-json\/wp\/v2\/media?parent=82024"}],"curies":[{"name":"wp","href":"https:\/\/api.w.org\/{rel}","templated":true}]}}