{"id":1292,"date":"2025-03-20T07:23:54","date_gmt":"2025-03-20T06:23:54","guid":{"rendered":"https:\/\/everfondly.qodeinteractive.com\/?page_id=1292"},"modified":"2025-06-11T23:54:35","modified_gmt":"2025-06-11T21:54:35","slug":"kontakt","status":"publish","type":"page","link":"https:\/\/kamilspolnicki.pl\/en\/kontakt\/","title":{"rendered":"Kontakt"},"content":{"rendered":"<div data-elementor-type=\"wp-page\" data-elementor-id=\"1292\" class=\"elementor elementor-1292\">\n\t\t\t\t\t\t<section class=\"elementor-section elementor-top-section elementor-element elementor-element-294e393 qodef-elementor-content-grid elementor-section-full_width elementor-section-height-default elementor-section-height-default qodef-elementor-back-btn-skin-default\" data-id=\"294e393\" data-element_type=\"section\">\n\t\t\t\t\t\t<div class=\"elementor-container elementor-column-gap-default\">\n\t\t\t\t\t<div class=\"elementor-column elementor-col-50 elementor-top-column elementor-element elementor-element-ad24dee\" data-id=\"ad24dee\" data-element_type=\"column\">\n\t\t\t<div class=\"elementor-widget-wrap elementor-element-populated\">\n\t\t\t\t\t\t<div class=\"elementor-element elementor-element-6f868a0 elementor-widget elementor-widget-everfondly_core_section_title\" data-id=\"6f868a0\" data-element_type=\"widget\" data-widget_type=\"everfondly_core_section_title.default\">\n\t\t\t\t<div class=\"elementor-widget-container\">\n\t\t\t\t\t<div class=\"qodef-shortcode qodef-m  qodef-section-title qodef-alignment--left\">\n\t\t<h1 class=\"qodef-m-title\" style=\"letter-spacing: -0.04em\" >\n\t\t\t\t\tREADY<br \/>  GET<br \/> IN TOUCH?\t\t\n\t\t\n\t<\/h1>\n\t\t<p class=\"qodef-m-description\" style=\"margin-top: 22px\">\n\t\tIf this feels right, let\u2019s talk.\nYour story matters \u2013 so don\u2019t hesitate to write us a few lines.\nWe\u2019d love to hear more about you and your wedding.\t<\/p>\n\t<\/div>\n\t\t\t\t<\/div>\n\t\t\t\t<\/div>\n\t\t\t\t\t<\/div>\n\t\t<\/div>\n\t\t\t\t<div class=\"elementor-column elementor-col-50 elementor-top-column elementor-element elementor-element-4bd5c5f\" data-id=\"4bd5c5f\" data-element_type=\"column\">\n\t\t\t<div class=\"elementor-widget-wrap elementor-element-populated\">\n\t\t\t\t\t\t<div class=\"elementor-element elementor-element-c5a4875 elementor-widget elementor-widget-everfondly_core_single_image\" data-id=\"c5a4875\" data-element_type=\"widget\" data-widget_type=\"everfondly_core_single_image.default\">\n\t\t\t\t<div class=\"elementor-widget-container\">\n\t\t\t\t\t<div class=\"qodef-shortcode qodef-m  qodef-single-image qodef-layout--default   qodef--retina qodef-parallax-zoom-effect--enabled\">\n\t\t<div class=\"qodef-m-image\">\n\t\t\t\t\t\t\t\t\t<img fetchpriority=\"high\" decoding=\"async\" itemprop=\"image\" src=\"https:\/\/kamilspolnicki.pl\/wp-content\/uploads\/2025\/03\/Beige-Simple-Wedding-Event-Flyer-.png\" width=\"707\" height=\"1000\" alt=\"\" \/>\n\t\t\t\t\t\t\t<\/div>\n\t\t<\/div>\n\t\t\t\t<\/div>\n\t\t\t\t<\/div>\n\t\t\t\t\t<\/div>\n\t\t<\/div>\n\t\t\t\t\t<\/div>\n\t\t<\/section>\n\t\t\t\t<section class=\"elementor-section elementor-top-section elementor-element elementor-element-31024ac qodef-elementor-content-grid elementor-section-full_width qodef-elementor-back-btn-skin-light elementor-section-height-default elementor-section-height-default\" data-id=\"31024ac\" data-element_type=\"section\" data-settings=\"{&quot;background_background&quot;:&quot;classic&quot;}\">\n\t\t\t\t\t\t<div class=\"elementor-container elementor-column-gap-default\">\n\t\t\t\t\t<div class=\"elementor-column elementor-col-50 elementor-top-column elementor-element elementor-element-57f64b5\" data-id=\"57f64b5\" data-element_type=\"column\">\n\t\t\t<div class=\"elementor-widget-wrap elementor-element-populated\">\n\t\t\t\t\t\t<div class=\"elementor-element elementor-element-863495d elementor-widget elementor-widget-text-editor\" data-id=\"863495d\" data-element_type=\"widget\" data-widget_type=\"text-editor.default\">\n\t\t\t\t<div class=\"elementor-widget-container\">\n\t\t\t\t\t\t\t\t\t<p><img decoding=\"async\" class=\"alignnone wp-image-81868 size-full\" src=\"http:\/\/kamilspolnicki.pl\/wp-content\/uploads\/2025\/03\/bez-nazwy-1-20-scaled-e1743426387621.jpg\" alt=\"\" width=\"1707\" height=\"1707\" srcset=\"https:\/\/kamilspolnicki.pl\/wp-content\/uploads\/2025\/03\/bez-nazwy-1-20-scaled-e1743426387621.jpg 1707w, https:\/\/kamilspolnicki.pl\/wp-content\/uploads\/2025\/03\/bez-nazwy-1-20-scaled-e1743426387621-300x300.jpg 300w, https:\/\/kamilspolnicki.pl\/wp-content\/uploads\/2025\/03\/bez-nazwy-1-20-scaled-e1743426387621-1024x1024.jpg 1024w, https:\/\/kamilspolnicki.pl\/wp-content\/uploads\/2025\/03\/bez-nazwy-1-20-scaled-e1743426387621-150x150.jpg 150w, https:\/\/kamilspolnicki.pl\/wp-content\/uploads\/2025\/03\/bez-nazwy-1-20-scaled-e1743426387621-768x768.jpg 768w, https:\/\/kamilspolnicki.pl\/wp-content\/uploads\/2025\/03\/bez-nazwy-1-20-scaled-e1743426387621-1536x1536.jpg 1536w, https:\/\/kamilspolnicki.pl\/wp-content\/uploads\/2025\/03\/bez-nazwy-1-20-scaled-e1743426387621-650x650.jpg 650w, https:\/\/kamilspolnicki.pl\/wp-content\/uploads\/2025\/03\/bez-nazwy-1-20-scaled-e1743426387621-1300x1300.jpg 1300w\" sizes=\"(max-width: 1707px) 100vw, 1707px\" \/><\/p>\t\t\t\t\t\t\t\t<\/div>\n\t\t\t\t<\/div>\n\t\t\t\t\t<\/div>\n\t\t<\/div>\n\t\t\t\t<div class=\"elementor-column elementor-col-50 elementor-top-column elementor-element elementor-element-95663cf\" data-id=\"95663cf\" data-element_type=\"column\">\n\t\t\t<div class=\"elementor-widget-wrap elementor-element-populated\">\n\t\t\t\t\t\t<div class=\"elementor-element elementor-element-a42bdd8 elementor-widget__width-initial elementor-widget elementor-widget-everfondly_core_section_title\" data-id=\"a42bdd8\" data-element_type=\"widget\" data-widget_type=\"everfondly_core_section_title.default\">\n\t\t\t\t<div class=\"elementor-widget-container\">\n\t\t\t\t\t<div class=\"qodef-shortcode qodef-m  qodef-section-title qodef-alignment--left\">\n\t\t<h1 class=\"qodef-m-title\" style=\"color: #FFFFFF;letter-spacing: -0.04em\" >\n\t\t\t\t\tLET'S CREATE SOMETHING MEANINGFUL TOGETHER\t\t\n\t\t\n\t<\/h1>\n\t\t<\/div>\n\t\t\t\t<\/div>\n\t\t\t\t<\/div>\n\t\t\t\t<div class=\"elementor-element elementor-element-50b558a elementor-widget elementor-widget-everfondly_core_icon_list_item\" data-id=\"50b558a\" data-element_type=\"widget\" data-widget_type=\"everfondly_core_icon_list_item.default\">\n\t\t\t\t<div class=\"elementor-widget-container\">\n\t\t\t\t\t<div class=\"qodef-icon-list-item qodef-icon--icon-pack\" >\n\t<p class=\"qodef-e-title\" style=\"color: #FFFFFF\">\n\t\t\t\t\t<span class=\"qodef-e-title-inner\">\n\t\t\t\t\t\t\t\t<span class=\"qodef-e-title-text\"><\/span>\n\t\t\t<\/span>\n\t\t\t<\/p>\n<\/div>\n\t\t\t\t<\/div>\n\t\t\t\t<\/div>\n\t\t\t\t\t<\/div>\n\t\t<\/div>\n\t\t\t\t\t<\/div>\n\t\t<\/section>\n\t\t\t\t<section class=\"elementor-section elementor-top-section elementor-element elementor-element-f840838 qodef-elementor-content-grid elementor-section-full_width elementor-section-height-default elementor-section-height-default qodef-elementor-back-btn-skin-default\" data-id=\"f840838\" data-element_type=\"section\">\n\t\t\t\t\t\t<div class=\"elementor-container elementor-column-gap-default\">\n\t\t\t\t\t<div class=\"elementor-column elementor-col-50 elementor-top-column elementor-element elementor-element-d23f0b9\" data-id=\"d23f0b9\" data-element_type=\"column\">\n\t\t\t<div class=\"elementor-widget-wrap elementor-element-populated\">\n\t\t\t\t\t\t<div class=\"elementor-element elementor-element-1b655fb elementor-widget elementor-widget-everfondly_core_section_title\" data-id=\"1b655fb\" data-element_type=\"widget\" data-widget_type=\"everfondly_core_section_title.default\">\n\t\t\t\t<div class=\"elementor-widget-container\">\n\t\t\t\t\t<div class=\"qodef-shortcode qodef-m  qodef-section-title qodef-alignment--left\">\n\t\t<h1 class=\"qodef-m-title\" style=\"letter-spacing: -0.04em\" >\n\t\t\t\t\tTELL<br \/> US<br \/> MORE<br \/> ABOUT YOU\t\t\n\t\t\n\t<\/h1>\n\t\t<p class=\"qodef-m-description\" style=\"margin-top: 22px\">\n\t\tWe\u2019ll get back to you within 24\u201348 hours.\nIf you don\u2019t see a reply, check your spam folder \u2013 or just message us on Instagram.\nSometimes emails fall through, but stories shouldn\u2019t.\n\t<\/p>\n\t<\/div>\n\t\t\t\t<\/div>\n\t\t\t\t<\/div>\n\t\t\t\t\t<\/div>\n\t\t<\/div>\n\t\t\t\t<div class=\"elementor-column elementor-col-50 elementor-top-column elementor-element elementor-element-fe194b3\" data-id=\"fe194b3\" data-element_type=\"column\" data-settings=\"{&quot;background_background&quot;:&quot;classic&quot;}\">\n\t\t\t<div class=\"elementor-widget-wrap elementor-element-populated\">\n\t\t\t\t\t<div class=\"elementor-background-overlay\"><\/div>\n\t\t\t\t\t\t<div class=\"elementor-element elementor-element-0d72a44 elementor-widget elementor-widget-wp-widget-everfondly_core_contact_form_7\" data-id=\"0d72a44\" data-element_type=\"widget\" data-widget_type=\"wp-widget-everfondly_core_contact_form_7.default\">\n\t\t\t\t<div class=\"elementor-widget-container\">\n\t\t\t\t\t\t\t\t<div class=\"qodef-contact-form-7\">\n\t\t\t\t\n<div class=\"wpcf7 no-js\" id=\"wpcf7-f81939-o1\" lang=\"en-US\" dir=\"ltr\" data-wpcf7-id=\"81939\">\n<div class=\"screen-reader-response\"><p role=\"status\" aria-live=\"polite\" aria-atomic=\"true\"><\/p> <ul><\/ul><\/div>\n<form action=\"\/en\/wp-json\/wp\/v2\/pages\/1292#wpcf7-f81939-o1\" method=\"post\" class=\"wpcf7-form init\" aria-label=\"Contact form\" novalidate=\"novalidate\" data-status=\"init\" data-trp-original-action=\"\/en\/wp-json\/wp\/v2\/pages\/1292#wpcf7-f81939-o1\">\n<fieldset class=\"hidden-fields-container\"><input type=\"hidden\" name=\"_wpcf7\" value=\"81939\" \/><input type=\"hidden\" name=\"_wpcf7_version\" value=\"6.1.5\" \/><input type=\"hidden\" name=\"_wpcf7_locale\" value=\"en_US\" \/><input type=\"hidden\" name=\"_wpcf7_unit_tag\" value=\"wpcf7-f81939-o1\" \/><input type=\"hidden\" name=\"_wpcf7_container_post\" value=\"0\" \/><input type=\"hidden\" name=\"_wpcf7_posted_data_hash\" value=\"\" \/>\n<\/fieldset>\n<div class=\"qodef-main-contact-form qodef-appointment\">\n\t<div class=\"qodef-contact-form-name\">\n\t\t<p><span class=\"wpcf7-form-control-wrap\" data-name=\"first-names\"><input size=\"40\" maxlength=\"400\" class=\"wpcf7-form-control wpcf7-text wpcf7-validates-as-required\" aria-required=\"true\" aria-invalid=\"false\" placeholder=\"Your names\" value=\"\" type=\"text\" name=\"first-names\" \/><\/span>\n\t\t<\/p>\n\t<\/div>\n\t<div style=\"margin-bottom: 25px;\">\n\t<\/div><!-- Wi\u0119kszy odst\u0119p -->\n\t<p><label class=\"qodef-service-label\">Type of session<\/label>\n\t<\/p>\n\t<div class=\"qodef-select-box qodef-appointment\">\n\t\t<p><span class=\"wpcf7-form-control-wrap\" data-name=\"services\"><span class=\"wpcf7-form-control wpcf7-checkbox\"><span class=\"wpcf7-list-item first\"><input type=\"checkbox\" name=\"services[]\" value=\"Plener\" \/><span class=\"wpcf7-list-item-label\">Couple shoot<\/span><\/span><span class=\"wpcf7-list-item\"><input type=\"checkbox\" name=\"services[]\" value=\"Sesja narzecze\u0144ska\" \/><span class=\"wpcf7-list-item-label\">Engagement session<\/span><\/span><span class=\"wpcf7-list-item\"><input type=\"checkbox\" name=\"services[]\" value=\"Reporta\u017c\" \/><span class=\"wpcf7-list-item-label\">Wedding reportage<\/span><\/span><span class=\"wpcf7-list-item last\"><input type=\"checkbox\" name=\"services[]\" value=\"Inne\" \/><span class=\"wpcf7-list-item-label\">Other<\/span><\/span><\/span><\/span>\n\t\t<\/p>\n\t<\/div>\n\t<div class=\"qodef-contact-form-data\">\n\t\t<div class=\"qodef-date\">\n\t\t\t<p><span class=\"wpcf7-form-control-wrap\" data-name=\"wedding-date\"><input size=\"40\" maxlength=\"400\" class=\"wpcf7-form-control wpcf7-text wpcf7-validates-as-required\" aria-required=\"true\" aria-invalid=\"false\" placeholder=\"Wedding date\" value=\"\" type=\"text\" name=\"wedding-date\" \/><\/span>\n\t\t\t<\/p>\n\t\t<\/div>\n\t\t<div class=\"qodef-contact-form-location\">\n\t\t\t<p><span class=\"wpcf7-form-control-wrap\" data-name=\"reception\"><input size=\"40\" maxlength=\"400\" class=\"wpcf7-form-control wpcf7-text wpcf7-validates-as-required\" aria-required=\"true\" aria-invalid=\"false\" placeholder=\"Lokalizacja przyj\u0119cia *\" value=\"\" type=\"text\" name=\"reception\" \/><\/span>\n\t\t\t<\/p>\n\t\t<\/div>\n\t<\/div>\n\t<div class=\"qodef-contact-form-data\">\n\t\t<div class=\"qodef-contact-phone\">\n\t\t\t<p><span class=\"wpcf7-form-control-wrap\" data-name=\"wedding-location\"><input size=\"40\" maxlength=\"400\" class=\"wpcf7-form-control wpcf7-text wpcf7-validates-as-required\" aria-required=\"true\" aria-invalid=\"false\" placeholder=\"Lokalizacja \u015blubu *\" value=\"\" type=\"text\" name=\"wedding-location\" \/><\/span>\n\t\t\t<\/p>\n\t\t<\/div>\n\t\t<div class=\"qodef-contact-email\">\n\t\t\t<p><span class=\"wpcf7-form-control-wrap\" data-name=\"your-email\"><input size=\"40\" maxlength=\"400\" class=\"wpcf7-form-control wpcf7-email wpcf7-validates-as-required wpcf7-text wpcf7-validates-as-email\" aria-required=\"true\" aria-invalid=\"false\" placeholder=\"Email*\" value=\"\" type=\"email\" name=\"your-email\" \/><\/span>\n\t\t\t<\/p>\n\t\t<\/div>\n\t<\/div>\n\t<div class=\"qodef-contact-form-data\">\n\t\t<p><label class=\"qodef-source-label\" style=\"display: block;\">How did you find us?<\/label><br \/>\n<span class=\"wpcf7-form-control-wrap\" data-name=\"how-you-found-me\"><input size=\"40\" maxlength=\"400\" class=\"wpcf7-form-control wpcf7-text wpcf7-validates-as-required\" aria-required=\"true\" aria-invalid=\"false\" placeholder=\"E.g. Instagram, Google, friends\" value=\"\" type=\"text\" name=\"how-you-found-me\" \/><\/span>\n\t\t<\/p>\n\t<\/div>\n\t<p><label class=\"qodef-message-label\" for=\"message-field\"><br \/>\nTell us a bit about yourselves. What does your dream wedding look like? Do you have a place and a date? Still gathering inspiration? Still gathering inspiration?<br \/>\n<\/label><br \/>\n<span class=\"wpcf7-form-control-wrap\" data-name=\"your-message\"><textarea cols=\"40\" rows=\"5\" maxlength=\"2000\" class=\"wpcf7-form-control wpcf7-textarea\" id=\"message-field\" aria-invalid=\"false\" placeholder=\"Your message\" name=\"your-message\"><\/textarea><\/span>\n\t<\/p>\n\t<div class=\"qodef-submit\">\n\t\t<p><button type=\"submit\" class=\"cta-button\">Send message<\/button>\n\t\t<\/p>\n\t<\/div>\n<\/div><div class=\"wpcf7-response-output\" aria-hidden=\"true\"><\/div>\n<input type=\"hidden\" name=\"trp-form-language\" value=\"en\"\/><\/form>\n<\/div>\n\t\t\t<\/div>\n\t\t\t\t\t\t\t<\/div>\n\t\t\t\t<\/div>\n\t\t\t\t\t<\/div>\n\t\t<\/div>\n\t\t\t\t\t<\/div>\n\t\t<\/section>\n\t\t\t\t<\/div>","protected":false},"excerpt":{"rendered":"<p>Jeste\u015bcie gotowi, \u017ceby do Nas napisa\u0107? Je\u015bli czujecie, \u017ce to w\u0142a\u015bnie my powinni\u015bmy uwieczni\u0107 Wasz wielki dzie\u0144, nie wahajcie si\u0119 \u2013 napiszcie do nas! Z przyjemno\u015bci\u0105 poznamy Wasz\u0105 histori\u0119 i wizj\u0119 wymarzonego \u015blubu. Stw\u00f3rzmy razem wyj\u0105tkow\u0105 histori\u0119 Napiszcie nam Co\u015b wi\u0119cej o Sobie Odpowiem na Wasz\u0105 wiadomo\u015b\u0107 w ci\u0105gu 24h! Je\u015bli nie dostali\u015bcie odpowiedzi, sprawd\u017acie [&hellip;]<\/p>","protected":false},"author":1,"featured_media":0,"parent":0,"menu_order":0,"comment_status":"closed","ping_status":"closed","template":"page-full-width.php","meta":{"footnotes":""},"class_list":["post-1292","page","type-page","status-publish","hentry"],"_links":{"self":[{"href":"https:\/\/kamilspolnicki.pl\/en\/wp-json\/wp\/v2\/pages\/1292","targetHints":{"allow":["GET"]}}],"collection":[{"href":"https:\/\/kamilspolnicki.pl\/en\/wp-json\/wp\/v2\/pages"}],"about":[{"href":"https:\/\/kamilspolnicki.pl\/en\/wp-json\/wp\/v2\/types\/page"}],"author":[{"embeddable":true,"href":"https:\/\/kamilspolnicki.pl\/en\/wp-json\/wp\/v2\/users\/1"}],"replies":[{"embeddable":true,"href":"https:\/\/kamilspolnicki.pl\/en\/wp-json\/wp\/v2\/comments?post=1292"}],"version-history":[{"count":42,"href":"https:\/\/kamilspolnicki.pl\/en\/wp-json\/wp\/v2\/pages\/1292\/revisions"}],"predecessor-version":[{"id":84719,"href":"https:\/\/kamilspolnicki.pl\/en\/wp-json\/wp\/v2\/pages\/1292\/revisions\/84719"}],"wp:attachment":[{"href":"https:\/\/kamilspolnicki.pl\/en\/wp-json\/wp\/v2\/media?parent=1292"}],"curies":[{"name":"wp","href":"https:\/\/api.w.org\/{rel}","templated":true}]}}